{"id":494,"date":"2025-04-10T13:38:03","date_gmt":"2025-04-10T16:38:03","guid":{"rendered":"http:\/\/trm-test.tramarsa.com.pe\/?page_id=494"},"modified":"2025-05-22T15:33:24","modified_gmt":"2025-05-22T18:33:24","slug":"linea-etica","status":"publish","type":"page","link":"https:\/\/trm-test.tramarsa.com.pe\/en\/linea-etica\/","title":{"rendered":"Ethical line"},"content":{"rendered":"<div data-elementor-type=\"wp-page\" data-elementor-id=\"494\" class=\"elementor elementor-494\" data-elementor-post-type=\"page\">\n\t\t\t\t<div class=\"elementor-element elementor-element-3d76f7c e-con-full contenedorgeneralsitio e-flex e-con e-parent\" data-id=\"3d76f7c\" data-element_type=\"container\" data-e-type=\"container\">\n\t\t<div class=\"elementor-element elementor-element-13bc034 e-con-full contsection e-flex elementor-invisible e-con e-child\" data-id=\"13bc034\" data-element_type=\"container\" data-e-type=\"container\" id=\"hero-section\" data-settings=\"{&quot;background_background&quot;:&quot;classic&quot;,&quot;animation&quot;:&quot;fadeIn&quot;}\">\n\t\t\t\t<div class=\"elementor-element elementor-element-fccf6da titulogeneralsitio elementor-widget elementor-widget-heading\" data-id=\"fccf6da\" data-element_type=\"widget\" data-e-type=\"widget\" data-widget_type=\"heading.default\">\n\t\t\t\t<div class=\"elementor-widget-container\">\n\t\t\t\t\t<h1 class=\"elementor-heading-title elementor-size-default\">Ethical line<\/h1>\t\t\t\t<\/div>\n\t\t\t\t<\/div>\n\t\t<div class=\"elementor-element elementor-element-7d4bc72 e-con-full contposhome e-flex e-con e-child\" data-id=\"7d4bc72\" data-element_type=\"container\" data-e-type=\"container\" data-settings=\"{&quot;background_background&quot;:&quot;classic&quot;,&quot;position&quot;:&quot;absolute&quot;}\">\n\t\t\t\t<\/div>\n\t\t\t\t<\/div>\n\t\t<div class=\"elementor-element elementor-element-75c855e e-con-full e-flex e-con e-child\" data-id=\"75c855e\" data-element_type=\"container\" data-e-type=\"container\" data-settings=\"{&quot;background_background&quot;:&quot;classic&quot;}\">\n\t\t\t\t<div class=\"elementor-element elementor-element-effbd9c elementor-widget__width-inherit elementor-widget elementor-widget-heading\" data-id=\"effbd9c\" data-element_type=\"widget\" data-e-type=\"widget\" data-widget_type=\"heading.default\">\n\t\t\t\t<div class=\"elementor-widget-container\">\n\t\t\t\t\t<h2 class=\"elementor-heading-title elementor-size-default\">\u00bfEn qu\u00e9 consiste?<\/h2>\t\t\t\t<\/div>\n\t\t\t\t<\/div>\n\t\t\t\t<div class=\"elementor-element elementor-element-7349305 elementor-widget__width-initial elementor-widget elementor-widget-text-editor\" data-id=\"7349305\" data-element_type=\"widget\" data-e-type=\"widget\" data-widget_type=\"text-editor.default\">\n\t\t\t\t<div class=\"elementor-widget-container\">\n\t\t\t\t\t\t\t\t\t<p>La L\u00ednea \u00c9tica Grupo Tramarsa le permite reportar situaciones que puedan ir en contra de los lineamientos considerados en nuestro C\u00f3digo de \u00e9tica y ameritan una investigaci\u00f3n. Es administrada por un operador independiente, quien recibir\u00e1 su denuncia asegurando anonimato, confidencialidad y privacidad. Cada colaborador tiene la responsabilidad y el compromiso de denunciar cualquier incumplimiento a los lineamientos del C\u00f3digo de \u00c9tica, para lo cual se recomienda proporcionar informaci\u00f3n de sustento que ayude a la investigaci\u00f3n y comprobaci\u00f3n de la denuncia reportada.<\/p>\t\t\t\t\t\t\t\t<\/div>\n\t\t\t\t<\/div>\n\t\t\t\t<div class=\"elementor-element elementor-element-3983de7 elementor-widget__width-inherit elementor-widget elementor-widget-heading\" data-id=\"3983de7\" data-element_type=\"widget\" data-e-type=\"widget\" data-widget_type=\"heading.default\">\n\t\t\t\t<div class=\"elementor-widget-container\">\n\t\t\t\t\t<h2 class=\"elementor-heading-title elementor-size-default\">\u00bfC\u00f3mo funciona?<\/h2>\t\t\t\t<\/div>\n\t\t\t\t<\/div>\n\t\t\t\t<div class=\"elementor-element elementor-element-9b9151c elementor-widget__width-initial elementor-widget elementor-widget-text-editor\" data-id=\"9b9151c\" data-element_type=\"widget\" data-e-type=\"widget\" data-widget_type=\"text-editor.default\">\n\t\t\t\t<div class=\"elementor-widget-container\">\n\t\t\t\t\t\t\t\t\t<p>El operador independiente recibe, registra y clasifica todas denuncias realizadas. Posteriormente, las remite a las instancias definidas por Grupo Tramarsa para su evaluaci\u00f3n y tratamiento.<\/p>\t\t\t\t\t\t\t\t<\/div>\n\t\t\t\t<\/div>\n\t\t<div class=\"elementor-element elementor-element-089207f e-con-full e-flex e-con e-child\" data-id=\"089207f\" data-element_type=\"container\" data-e-type=\"container\">\n\t\t<div class=\"elementor-element elementor-element-009c63d e-grid e-con-full e-con e-child\" data-id=\"009c63d\" data-element_type=\"container\" data-e-type=\"container\">\n\t\t<div class=\"elementor-element elementor-element-d480c1d e-con-full e-flex e-con e-child\" data-id=\"d480c1d\" data-element_type=\"container\" data-e-type=\"container\">\n\t\t\t\t<div class=\"elementor-element elementor-element-f0c2530 elementor-widget__width-initial elementor-widget elementor-widget-heading\" data-id=\"f0c2530\" data-element_type=\"widget\" data-e-type=\"widget\" data-widget_type=\"heading.default\">\n\t\t\t\t<div class=\"elementor-widget-container\">\n\t\t\t\t\t<p class=\"elementor-heading-title elementor-size-default\">1<\/p>\t\t\t\t<\/div>\n\t\t\t\t<\/div>\n\t\t\t\t<div class=\"elementor-element elementor-element-5d5135a elementor-widget__width-inherit elementor-widget elementor-widget-heading\" data-id=\"5d5135a\" data-element_type=\"widget\" data-e-type=\"widget\" data-widget_type=\"heading.default\">\n\t\t\t\t<div class=\"elementor-widget-container\">\n\t\t\t\t\t<p class=\"elementor-heading-title elementor-size-default\">Formulario web<\/p>\t\t\t\t<\/div>\n\t\t\t\t<\/div>\n\t\t\t\t<\/div>\n\t\t<div class=\"elementor-element elementor-element-9f0aed7 e-con-full e-flex e-con e-child\" data-id=\"9f0aed7\" data-element_type=\"container\" data-e-type=\"container\">\n\t\t\t\t<div class=\"elementor-element elementor-element-b930ef1 elementor-widget elementor-widget-text-editor\" data-id=\"b930ef1\" data-element_type=\"widget\" data-e-type=\"widget\" data-widget_type=\"text-editor.default\">\n\t\t\t\t<div class=\"elementor-widget-container\">\n\t\t\t\t\t\t\t\t\t<p>Ingresa al siguiente enlace:\u00a0<a style=\"color: white; text-decoration: underline;\" href=\"https:\/\/www.lineaeticagrupotramarsa.com\/tramarsa\/welcome.html\" target=\"_blank\" rel=\"noopener\"><b>Registrar denuncia &gt;&gt;<\/b><\/a><br \/>Para consultar el estado de una denuncia ya registrada, puedes hacerlo en:\u00a0<a style=\"color: white; text-decoration: underline;\" href=\"https:\/\/www.lineaeticagrupotramarsa.com\/tramarsa\/welcome.html\" target=\"_blank\" rel=\"noopener\"><b>Consultar denuncia &gt;&gt;<\/b><\/a><\/p>\t\t\t\t\t\t\t\t<\/div>\n\t\t\t\t<\/div>\n\t\t\t\t<\/div>\n\t\t\t\t<\/div>\n\t\t<div class=\"elementor-element elementor-element-48da0fd e-grid e-con-full e-con e-child\" data-id=\"48da0fd\" data-element_type=\"container\" data-e-type=\"container\">\n\t\t<div class=\"elementor-element elementor-element-695a389 e-con-full e-flex e-con e-child\" data-id=\"695a389\" data-element_type=\"container\" data-e-type=\"container\">\n\t\t\t\t<div class=\"elementor-element elementor-element-b78f3d2 elementor-widget__width-initial elementor-widget elementor-widget-heading\" data-id=\"b78f3d2\" data-element_type=\"widget\" data-e-type=\"widget\" data-widget_type=\"heading.default\">\n\t\t\t\t<div class=\"elementor-widget-container\">\n\t\t\t\t\t<p class=\"elementor-heading-title elementor-size-default\">2<\/p>\t\t\t\t<\/div>\n\t\t\t\t<\/div>\n\t\t\t\t<div class=\"elementor-element elementor-element-8dbcb0a elementor-widget__width-inherit elementor-widget elementor-widget-heading\" data-id=\"8dbcb0a\" data-element_type=\"widget\" data-e-type=\"widget\" data-widget_type=\"heading.default\">\n\t\t\t\t<div class=\"elementor-widget-container\">\n\t\t\t\t\t<p class=\"elementor-heading-title elementor-size-default\">Buz\u00f3n de correo<\/p>\t\t\t\t<\/div>\n\t\t\t\t<\/div>\n\t\t\t\t<\/div>\n\t\t<div class=\"elementor-element elementor-element-17dcaa5 e-con-full e-flex e-con e-child\" data-id=\"17dcaa5\" data-element_type=\"container\" data-e-type=\"container\">\n\t\t\t\t<div class=\"elementor-element elementor-element-9b61900 elementor-widget elementor-widget-text-editor\" data-id=\"9b61900\" data-element_type=\"widget\" data-e-type=\"widget\" data-widget_type=\"text-editor.default\">\n\t\t\t\t<div class=\"elementor-widget-container\">\n\t\t\t\t\t\t\t\t\t<p>Env\u00eda un correo a:<br \/><a style=\"color: white; text-decoration: underline;\" href=\"mailto:tramarsa@lineaeticagrupotramarsa.com\"><b>tramarsa@lineaeticagrupotramarsa.com<\/b><\/a><\/p>\t\t\t\t\t\t\t\t<\/div>\n\t\t\t\t<\/div>\n\t\t\t\t<\/div>\n\t\t\t\t<\/div>\n\t\t<div class=\"elementor-element elementor-element-d196cf4 e-grid e-con-full e-con e-child\" data-id=\"d196cf4\" data-element_type=\"container\" data-e-type=\"container\">\n\t\t<div class=\"elementor-element elementor-element-f97f546 e-con-full e-flex e-con e-child\" data-id=\"f97f546\" data-element_type=\"container\" data-e-type=\"container\">\n\t\t\t\t<div class=\"elementor-element elementor-element-0c39084 elementor-widget__width-initial elementor-widget elementor-widget-heading\" data-id=\"0c39084\" data-element_type=\"widget\" data-e-type=\"widget\" data-widget_type=\"heading.default\">\n\t\t\t\t<div class=\"elementor-widget-container\">\n\t\t\t\t\t<p class=\"elementor-heading-title elementor-size-default\">3<\/p>\t\t\t\t<\/div>\n\t\t\t\t<\/div>\n\t\t\t\t<div class=\"elementor-element elementor-element-b7f7688 elementor-widget__width-inherit elementor-widget elementor-widget-heading\" data-id=\"b7f7688\" data-element_type=\"widget\" data-e-type=\"widget\" data-widget_type=\"heading.default\">\n\t\t\t\t<div class=\"elementor-widget-container\">\n\t\t\t\t\t<p class=\"elementor-heading-title elementor-size-default\">L\u00ednea telef\u00f3nica<\/p>\t\t\t\t<\/div>\n\t\t\t\t<\/div>\n\t\t\t\t<\/div>\n\t\t<div class=\"elementor-element elementor-element-e72a98b e-con-full e-flex e-con e-child\" data-id=\"e72a98b\" data-element_type=\"container\" data-e-type=\"container\">\n\t\t\t\t<div class=\"elementor-element elementor-element-40f57a2 elementor-widget elementor-widget-text-editor\" data-id=\"40f57a2\" data-element_type=\"widget\" data-e-type=\"widget\" data-widget_type=\"text-editor.default\">\n\t\t\t\t<div class=\"elementor-widget-container\">\n\t\t\t\t\t\t\t\t\t<p>Puedes contactarte con un asesor de lunes a viernes de 8:30 a.m. a 6:30 p.m. a los siguientes n\u00fameros:<\/p>\t\t\t\t\t\t\t\t<\/div>\n\t\t\t\t<\/div>\n\t\t<div class=\"elementor-element elementor-element-771801b e-con-full e-flex e-con e-child\" data-id=\"771801b\" data-element_type=\"container\" data-e-type=\"container\">\n\t\t\t\t<div class=\"elementor-element elementor-element-e1eeecc elementor-widget elementor-widget-image\" data-id=\"e1eeecc\" data-element_type=\"widget\" data-e-type=\"widget\" data-widget_type=\"image.default\">\n\t\t\t\t<div class=\"elementor-widget-container\">\n\t\t\t\t\t\t\t\t\t\t\t\t\t\t\t<img decoding=\"async\" width=\"25\" height=\"25\" src=\"https:\/\/trm-test.tramarsa.com.pe\/wp-content\/uploads\/2025\/04\/tel.png\" class=\"attachment-large size-large wp-image-508\" alt=\"\" \/>\t\t\t\t\t\t\t\t\t\t\t\t\t\t\t<\/div>\n\t\t\t\t<\/div>\n\t\t\t\t<div class=\"elementor-element elementor-element-5e926c6 elementor-widget elementor-widget-text-editor\" data-id=\"5e926c6\" data-element_type=\"widget\" data-e-type=\"widget\" data-widget_type=\"text-editor.default\">\n\t\t\t\t<div class=\"elementor-widget-container\">\n\t\t\t\t\t\t\t\t\t<a href=\"tel:080018333\" style=\"color:white;\">0-800-1-8333<\/a>\u00a0\u00a0\u00a0\u00a0|\u00a0\u00a0\u00a0\u00a0<a href=\"tel:012197133\" style=\"color:white;\">(01) 219-7133<\/a>\t\t\t\t\t\t\t\t<\/div>\n\t\t\t\t<\/div>\n\t\t\t\t<\/div>\n\t\t\t\t<\/div>\n\t\t\t\t<\/div>\n\t\t<div class=\"elementor-element elementor-element-f699746 e-grid e-con-full e-con e-child\" data-id=\"f699746\" data-element_type=\"container\" data-e-type=\"container\">\n\t\t<div class=\"elementor-element elementor-element-4188426 e-con-full e-flex e-con e-child\" data-id=\"4188426\" data-element_type=\"container\" data-e-type=\"container\">\n\t\t\t\t<div class=\"elementor-element elementor-element-a89a203 elementor-widget__width-initial elementor-widget elementor-widget-heading\" data-id=\"a89a203\" data-element_type=\"widget\" data-e-type=\"widget\" data-widget_type=\"heading.default\">\n\t\t\t\t<div class=\"elementor-widget-container\">\n\t\t\t\t\t<p class=\"elementor-heading-title elementor-size-default\">4<\/p>\t\t\t\t<\/div>\n\t\t\t\t<\/div>\n\t\t\t\t<div class=\"elementor-element elementor-element-9c7feee elementor-widget__width-inherit elementor-widget elementor-widget-heading\" data-id=\"9c7feee\" data-element_type=\"widget\" data-e-type=\"widget\" data-widget_type=\"heading.default\">\n\t\t\t\t<div class=\"elementor-widget-container\">\n\t\t\t\t\t<p class=\"elementor-heading-title elementor-size-default\">Buz\u00f3n de voz<\/p>\t\t\t\t<\/div>\n\t\t\t\t<\/div>\n\t\t\t\t<\/div>\n\t\t<div class=\"elementor-element elementor-element-40f1fce e-con-full e-flex e-con e-child\" data-id=\"40f1fce\" data-element_type=\"container\" data-e-type=\"container\">\n\t\t\t\t<div class=\"elementor-element elementor-element-bde146c elementor-widget elementor-widget-text-editor\" data-id=\"bde146c\" data-element_type=\"widget\" data-e-type=\"widget\" data-widget_type=\"text-editor.default\">\n\t\t\t\t<div class=\"elementor-widget-container\">\n\t\t\t\t\t\t\t\t\t<p>Puedes dejar un mensaje de voz las 24 horas del d\u00eda durante los 365 d\u00edas del a\u00f1o, marcando la opci\u00f3n 2:<\/p>\t\t\t\t\t\t\t\t<\/div>\n\t\t\t\t<\/div>\n\t\t<div class=\"elementor-element elementor-element-7e83b31 e-con-full e-flex e-con e-child\" data-id=\"7e83b31\" data-element_type=\"container\" data-e-type=\"container\">\n\t\t\t\t<div class=\"elementor-element elementor-element-346599a elementor-widget elementor-widget-image\" data-id=\"346599a\" data-element_type=\"widget\" data-e-type=\"widget\" data-widget_type=\"image.default\">\n\t\t\t\t<div class=\"elementor-widget-container\">\n\t\t\t\t\t\t\t\t\t\t\t\t\t\t\t<img decoding=\"async\" width=\"25\" height=\"25\" src=\"https:\/\/trm-test.tramarsa.com.pe\/wp-content\/uploads\/2025\/04\/tel.png\" class=\"attachment-large size-large wp-image-508\" alt=\"\" \/>\t\t\t\t\t\t\t\t\t\t\t\t\t\t\t<\/div>\n\t\t\t\t<\/div>\n\t\t\t\t<div class=\"elementor-element elementor-element-ad4cf1c elementor-widget elementor-widget-text-editor\" data-id=\"ad4cf1c\" data-element_type=\"widget\" data-e-type=\"widget\" data-widget_type=\"text-editor.default\">\n\t\t\t\t<div class=\"elementor-widget-container\">\n\t\t\t\t\t\t\t\t\t<a href=\"tel:080018333\" style=\"color:white;\">0-800-1-8333<\/a>\u00a0\u00a0\u00a0\u00a0|\u00a0\u00a0\u00a0\u00a0<a href=\"tel:012197133\" style=\"color:white;\">(01) 219-7133<\/a>\t\t\t\t\t\t\t\t<\/div>\n\t\t\t\t<\/div>\n\t\t\t\t<\/div>\n\t\t\t\t<\/div>\n\t\t\t\t<\/div>\n\t\t<div class=\"elementor-element elementor-element-ee42348 e-grid e-con-full e-con e-child\" data-id=\"ee42348\" data-element_type=\"container\" data-e-type=\"container\">\n\t\t<div class=\"elementor-element elementor-element-5c029b4 e-con-full e-flex e-con e-child\" data-id=\"5c029b4\" data-element_type=\"container\" data-e-type=\"container\">\n\t\t\t\t<div class=\"elementor-element elementor-element-da33ecd elementor-widget__width-initial elementor-widget elementor-widget-heading\" data-id=\"da33ecd\" data-element_type=\"widget\" data-e-type=\"widget\" data-widget_type=\"heading.default\">\n\t\t\t\t<div class=\"elementor-widget-container\">\n\t\t\t\t\t<p class=\"elementor-heading-title elementor-size-default\">5<\/p>\t\t\t\t<\/div>\n\t\t\t\t<\/div>\n\t\t\t\t<div class=\"elementor-element elementor-element-cba5b09 elementor-widget__width-inherit elementor-widget elementor-widget-heading\" data-id=\"cba5b09\" data-element_type=\"widget\" data-e-type=\"widget\" data-widget_type=\"heading.default\">\n\t\t\t\t<div class=\"elementor-widget-container\">\n\t\t\t\t\t<p class=\"elementor-heading-title elementor-size-default\">Direcci\u00f3n postal<\/p>\t\t\t\t<\/div>\n\t\t\t\t<\/div>\n\t\t\t\t<\/div>\n\t\t<div class=\"elementor-element elementor-element-07f0102 e-con-full e-flex e-con e-child\" data-id=\"07f0102\" data-element_type=\"container\" data-e-type=\"container\">\n\t\t\t\t<div class=\"elementor-element elementor-element-45a3a31 elementor-widget elementor-widget-text-editor\" data-id=\"45a3a31\" data-element_type=\"widget\" data-e-type=\"widget\" data-widget_type=\"text-editor.default\">\n\t\t\t\t<div class=\"elementor-widget-container\">\n\t\t\t\t\t\t\t\t\t<p>Puedes remitir tu denuncia a las oficinas en:<br \/><em><strong>Circunvalaci\u00f3n del Club Golf los Incas 134, Surco<\/strong><\/em> &#8211; Frente a la Cl\u00ednica San Felipe, Lima.<\/p>\t\t\t\t\t\t\t\t<\/div>\n\t\t\t\t<\/div>\n\t\t\t\t<\/div>\n\t\t\t\t<\/div>\n\t\t<div class=\"elementor-element elementor-element-ae13d1c e-grid e-con-full e-con e-child\" data-id=\"ae13d1c\" data-element_type=\"container\" data-e-type=\"container\">\n\t\t<div class=\"elementor-element elementor-element-8ee8aa5 e-con-full e-flex e-con e-child\" data-id=\"8ee8aa5\" data-element_type=\"container\" data-e-type=\"container\">\n\t\t\t\t<div class=\"elementor-element elementor-element-2b33701 elementor-widget__width-initial elementor-widget elementor-widget-heading\" data-id=\"2b33701\" data-element_type=\"widget\" data-e-type=\"widget\" data-widget_type=\"heading.default\">\n\t\t\t\t<div class=\"elementor-widget-container\">\n\t\t\t\t\t<p class=\"elementor-heading-title elementor-size-default\">6<\/p>\t\t\t\t<\/div>\n\t\t\t\t<\/div>\n\t\t\t\t<div class=\"elementor-element elementor-element-26763b0 elementor-widget__width-inherit elementor-widget elementor-widget-heading\" data-id=\"26763b0\" data-element_type=\"widget\" data-e-type=\"widget\" data-widget_type=\"heading.default\">\n\t\t\t\t<div class=\"elementor-widget-container\">\n\t\t\t\t\t<p class=\"elementor-heading-title elementor-size-default\">Entrevista personal<\/p>\t\t\t\t<\/div>\n\t\t\t\t<\/div>\n\t\t\t\t<\/div>\n\t\t<div class=\"elementor-element elementor-element-22250c5 e-con-full e-flex e-con e-child\" data-id=\"22250c5\" data-element_type=\"container\" data-e-type=\"container\">\n\t\t\t\t<div class=\"elementor-element elementor-element-4d09389 elementor-widget elementor-widget-text-editor\" data-id=\"4d09389\" data-element_type=\"widget\" data-e-type=\"widget\" data-widget_type=\"text-editor.default\">\n\t\t\t\t<div class=\"elementor-widget-container\">\n\t\t\t\t\t\t\t\t\t<p>Si deseas ser atendido por un asesor, puedes acudir a:<br \/>Circunvalaci\u00f3n del Club Golf los Incas 134, Surco &#8211; Frente a la Cl\u00ednica San Felipe, Lima. <em><strong>Consultar por Carla Mazzei Mancesidor, Gerente de Auditor\u00eda<\/strong><\/em>.<br \/>Tambi\u00e9n puedes comunicarte directamente con <em><strong>Carla Mazzei<\/strong><\/em> al siguiente n\u00famero:\u00a0(+51) 938 357 725.<\/p>\t\t\t\t\t\t\t\t<\/div>\n\t\t\t\t<\/div>\n\t\t\t\t<\/div>\n\t\t\t\t<\/div>\n\t\t\t\t<\/div>\n\t\t\t\t<\/div>\n\t\t\t\t<\/div>\n\t\t\t\t<\/div>","protected":false},"excerpt":{"rendered":"<p>L\u00ednea \u00e9tica \u00bfEn qu\u00e9 consiste? La L\u00ednea \u00c9tica Grupo Tramarsa le permite reportar situaciones que puedan ir en contra de los lineamientos considerados en nuestro C\u00f3digo de \u00e9tica y ameritan una investigaci\u00f3n. Es administrada por un operador independiente, quien recibir\u00e1 su denuncia asegurando anonimato, confidencialidad y privacidad. Cada colaborador tiene la responsabilidad y el compromiso [&hellip;]<\/p>\n","protected":false},"author":1,"featured_media":0,"parent":0,"menu_order":6,"comment_status":"closed","ping_status":"closed","template":"","meta":{"_acf_changed":false,"footnotes":""},"class_list":["post-494","page","type-page","status-publish","hentry"],"acf":[],"_links":{"self":[{"href":"https:\/\/trm-test.tramarsa.com.pe\/en\/wp-json\/wp\/v2\/pages\/494","targetHints":{"allow":["GET"]}}],"collection":[{"href":"https:\/\/trm-test.tramarsa.com.pe\/en\/wp-json\/wp\/v2\/pages"}],"about":[{"href":"https:\/\/trm-test.tramarsa.com.pe\/en\/wp-json\/wp\/v2\/types\/page"}],"author":[{"embeddable":true,"href":"https:\/\/trm-test.tramarsa.com.pe\/en\/wp-json\/wp\/v2\/users\/1"}],"replies":[{"embeddable":true,"href":"https:\/\/trm-test.tramarsa.com.pe\/en\/wp-json\/wp\/v2\/comments?post=494"}],"version-history":[{"count":31,"href":"https:\/\/trm-test.tramarsa.com.pe\/en\/wp-json\/wp\/v2\/pages\/494\/revisions"}],"predecessor-version":[{"id":981,"href":"https:\/\/trm-test.tramarsa.com.pe\/en\/wp-json\/wp\/v2\/pages\/494\/revisions\/981"}],"wp:attachment":[{"href":"https:\/\/trm-test.tramarsa.com.pe\/en\/wp-json\/wp\/v2\/media?parent=494"}],"curies":[{"name":"wp","href":"https:\/\/api.w.org\/{rel}","templated":true}]}}